{"id":136,"date":"2026-02-17T16:51:58","date_gmt":"2026-02-17T15:51:58","guid":{"rendered":"https:\/\/ciq-panier.fr\/?page_id=136"},"modified":"2026-02-17T16:55:30","modified_gmt":"2026-02-17T15:55:30","slug":"adherer","status":"publish","type":"page","link":"https:\/\/ciq-panier.fr\/index.php\/adherer\/","title":{"rendered":"Adh\u00e9rer"},"content":{"rendered":"\n<p>Gr\u00e2ce \u00e0 vos adh\u00e9sions de plus en plus nombreuses, nous obtiendrons une meilleure \u00e9coute de la part des \u00e9lus et des pouvoirs publics sur les enjeux de notre quartier, pour d\u00e9fendre les int\u00e9r\u00eats g\u00e9n\u00e9raux et notre qualit\u00e9 de vie. <\/p>\n\n\n\n<p>REJOIGNEZ &#8211; NOUS !<\/p>\n\n\n\n<div class=\"wp-block-brad-border-box\">\t\t\t<iframe\n\t\t\t\tid=\"idIframe\"\n\t\t\t\tsrc=\"https:\/\/www.helloasso.com\/associations\/comite-d-interets-de-quartier-du-panier-c-i-q-panier\/adhesions\/adhesion-ciq-panier\/widget\"\n\t\t\t\theight=750px\"\t\t\t\twidth=100%\"\t\t\t\tframeborder=\"0\"\n\t\t\t\tloading=\"lazy\"\n\t\t\t\tallowtransparency=\"true\"\n\t\t\t\tonload=\"resizeIframeMessage()\"><\/iframe>\n<\/div>\n\n\n\n<p><\/p>\n","protected":false},"excerpt":{"rendered":"<p>Gr\u00e2ce \u00e0 vos adh\u00e9sions de plus en plus nombreuses, nous obtiendrons une meilleure \u00e9coute de la part des \u00e9lus et des pouvoirs publics sur les enjeux de notre quartier, pour d\u00e9fendre les int\u00e9r\u00eats g\u00e9n\u00e9raux et notre qualit\u00e9 de vie. REJOIGNEZ &#8211; NOUS !<\/p>\n","protected":false},"author":6,"featured_media":0,"parent":0,"menu_order":0,"comment_status":"closed","ping_status":"closed","template":"","meta":{"footnotes":""},"class_list":["post-136","page","type-page","status-publish","hentry"],"_links":{"self":[{"href":"https:\/\/ciq-panier.fr\/index.php\/wp-json\/wp\/v2\/pages\/136","targetHints":{"allow":["GET"]}}],"collection":[{"href":"https:\/\/ciq-panier.fr\/index.php\/wp-json\/wp\/v2\/pages"}],"about":[{"href":"https:\/\/ciq-panier.fr\/index.php\/wp-json\/wp\/v2\/types\/page"}],"author":[{"embeddable":true,"href":"https:\/\/ciq-panier.fr\/index.php\/wp-json\/wp\/v2\/users\/6"}],"replies":[{"embeddable":true,"href":"https:\/\/ciq-panier.fr\/index.php\/wp-json\/wp\/v2\/comments?post=136"}],"version-history":[{"count":3,"href":"https:\/\/ciq-panier.fr\/index.php\/wp-json\/wp\/v2\/pages\/136\/revisions"}],"predecessor-version":[{"id":139,"href":"https:\/\/ciq-panier.fr\/index.php\/wp-json\/wp\/v2\/pages\/136\/revisions\/139"}],"wp:attachment":[{"href":"https:\/\/ciq-panier.fr\/index.php\/wp-json\/wp\/v2\/media?parent=136"}],"curies":[{"name":"wp","href":"https:\/\/api.w.org\/{rel}","templated":true}]}}