{"id":173,"date":"2026-03-10T11:22:34","date_gmt":"2026-03-10T10:22:34","guid":{"rendered":"https:\/\/ciq-panier.fr\/?page_id=173"},"modified":"2026-03-10T11:22:35","modified_gmt":"2026-03-10T10:22:35","slug":"news","status":"publish","type":"page","link":"https:\/\/ciq-panier.fr\/index.php\/news\/","title":{"rendered":"News"},"content":{"rendered":"\n<p>Vous trouverez ici les news partag\u00e9s par le CIQ.<\/p>\n\n\n<ul class=\"wp-block-latest-posts__list has-dates wp-block-latest-posts\"><li><a class=\"wp-block-latest-posts__post-title\" href=\"https:\/\/ciq-panier.fr\/index.php\/2026\/04\/25\/livre-des-ciq-marseille\/\">Livre des CIQ Marseille<\/a><time datetime=\"2026-04-25T11:31:53+02:00\" class=\"wp-block-latest-posts__post-date\">25 avril 2026<\/time><\/li>\n<li><div class=\"wp-block-latest-posts__featured-image alignleft\"><img loading=\"lazy\" decoding=\"async\" width=\"150\" height=\"150\" src=\"https:\/\/ciq-panier.fr\/wp-content\/uploads\/2026\/03\/IMG_3070-150x150.jpeg\" class=\"attachment-thumbnail size-thumbnail wp-post-image\" alt=\"\" style=\"\" \/><\/div><a class=\"wp-block-latest-posts__post-title\" href=\"https:\/\/ciq-panier.fr\/index.php\/2026\/03\/16\/assemblee-generale\/\">Assembl\u00e9e G\u00e9n\u00e9rale<\/a><time datetime=\"2026-03-16T16:17:16+01:00\" class=\"wp-block-latest-posts__post-date\">16 mars 2026<\/time><\/li>\n<\/ul>\n\n\n<p><\/p>\n","protected":false},"excerpt":{"rendered":"<p>Vous trouverez ici les news partag\u00e9s par le CIQ.<\/p>\n","protected":false},"author":6,"featured_media":0,"parent":0,"menu_order":0,"comment_status":"closed","ping_status":"closed","template":"","meta":{"footnotes":""},"class_list":["post-173","page","type-page","status-publish","hentry"],"_links":{"self":[{"href":"https:\/\/ciq-panier.fr\/index.php\/wp-json\/wp\/v2\/pages\/173","targetHints":{"allow":["GET"]}}],"collection":[{"href":"https:\/\/ciq-panier.fr\/index.php\/wp-json\/wp\/v2\/pages"}],"about":[{"href":"https:\/\/ciq-panier.fr\/index.php\/wp-json\/wp\/v2\/types\/page"}],"author":[{"embeddable":true,"href":"https:\/\/ciq-panier.fr\/index.php\/wp-json\/wp\/v2\/users\/6"}],"replies":[{"embeddable":true,"href":"https:\/\/ciq-panier.fr\/index.php\/wp-json\/wp\/v2\/comments?post=173"}],"version-history":[{"count":1,"href":"https:\/\/ciq-panier.fr\/index.php\/wp-json\/wp\/v2\/pages\/173\/revisions"}],"predecessor-version":[{"id":174,"href":"https:\/\/ciq-panier.fr\/index.php\/wp-json\/wp\/v2\/pages\/173\/revisions\/174"}],"wp:attachment":[{"href":"https:\/\/ciq-panier.fr\/index.php\/wp-json\/wp\/v2\/media?parent=173"}],"curies":[{"name":"wp","href":"https:\/\/api.w.org\/{rel}","templated":true}]}}