{"id":49,"date":"2026-02-08T16:00:34","date_gmt":"2026-02-08T15:00:34","guid":{"rendered":"https:\/\/ciq-panier.fr\/?page_id=49"},"modified":"2026-02-26T17:53:30","modified_gmt":"2026-02-26T16:53:30","slug":"membres-du-bureau","status":"publish","type":"page","link":"https:\/\/ciq-panier.fr\/index.php\/membres-du-bureau\/","title":{"rendered":"Membres du Bureau"},"content":{"rendered":"\n<div class=\"wp-block-group has-global-padding is-layout-constrained wp-block-group-is-layout-constrained\">\n<div class=\"wp-block-media-text is-stacked-on-mobile is-vertically-aligned-center\" style=\"grid-template-columns:19% auto\"><figure class=\"wp-block-media-text__media\"><img loading=\"lazy\" decoding=\"async\" width=\"480\" height=\"480\" src=\"https:\/\/ciq-panier.fr\/wp-content\/uploads\/2026\/02\/1672991744708.jpg\" alt=\"\" class=\"wp-image-123 size-full\" srcset=\"https:\/\/ciq-panier.fr\/wp-content\/uploads\/2026\/02\/1672991744708.jpg 480w, https:\/\/ciq-panier.fr\/wp-content\/uploads\/2026\/02\/1672991744708-300x300.jpg 300w, https:\/\/ciq-panier.fr\/wp-content\/uploads\/2026\/02\/1672991744708-150x150.jpg 150w\" sizes=\"auto, (max-width: 480px) 100vw, 480px\" \/><\/figure><div class=\"wp-block-media-text__content\">\n<h2 class=\"wp-block-heading\">Caroline ARGOUS<\/h2>\n\n\n\n<p>Pr\u00e9sidente de l&rsquo;association<\/p>\n<\/div><\/div>\n\n\n\n<div class=\"wp-block-media-text has-media-on-the-right is-stacked-on-mobile\" style=\"grid-template-columns:auto 23%\"><div class=\"wp-block-media-text__content\">\n<h2 class=\"wp-block-heading\">Olivier DEBASC<\/h2>\n\n\n\n<p>Vice-Pr\u00e9sident<\/p>\n<\/div><figure class=\"wp-block-media-text__media\"><img loading=\"lazy\" decoding=\"async\" width=\"604\" height=\"622\" src=\"https:\/\/ciq-panier.fr\/wp-content\/uploads\/2026\/02\/Screenshot-from-2026-02-26-17-52-59.png\" alt=\"\" class=\"wp-image-146 size-full\" srcset=\"https:\/\/ciq-panier.fr\/wp-content\/uploads\/2026\/02\/Screenshot-from-2026-02-26-17-52-59.png 604w, https:\/\/ciq-panier.fr\/wp-content\/uploads\/2026\/02\/Screenshot-from-2026-02-26-17-52-59-291x300.png 291w\" sizes=\"auto, (max-width: 604px) 100vw, 604px\" \/><\/figure><\/div>\n<\/div>\n\n\n\n<div class=\"wp-block-media-text is-stacked-on-mobile\" style=\"grid-template-columns:23% auto\"><figure class=\"wp-block-media-text__media\"><img loading=\"lazy\" decoding=\"async\" width=\"512\" height=\"512\" src=\"https:\/\/ciq-panier.fr\/wp-content\/uploads\/2026\/02\/Sample_User_Icon.png\" alt=\"\" class=\"wp-image-126 size-full\" srcset=\"https:\/\/ciq-panier.fr\/wp-content\/uploads\/2026\/02\/Sample_User_Icon.png 512w, https:\/\/ciq-panier.fr\/wp-content\/uploads\/2026\/02\/Sample_User_Icon-300x300.png 300w, https:\/\/ciq-panier.fr\/wp-content\/uploads\/2026\/02\/Sample_User_Icon-150x150.png 150w\" sizes=\"auto, (max-width: 512px) 100vw, 512px\" \/><\/figure><div class=\"wp-block-media-text__content\">\n<h2 class=\"wp-block-heading\">Baptiste BIEGANSKI<\/h2>\n\n\n\n<p>Secr\u00e9taire<\/p>\n<\/div><\/div>\n\n\n\n<div class=\"wp-block-media-text has-media-on-the-right is-stacked-on-mobile is-vertically-aligned-center\" style=\"grid-template-columns:auto 19%\"><div class=\"wp-block-media-text__content\">\n<h2 class=\"wp-block-heading\">R\u00e9mi BORREDON<\/h2>\n\n\n\n<p>Tr\u00e9sorier<\/p>\n<\/div><figure class=\"wp-block-media-text__media\"><img loading=\"lazy\" decoding=\"async\" width=\"450\" height=\"450\" src=\"https:\/\/ciq-panier.fr\/wp-content\/uploads\/2026\/02\/1516985634839.jpg\" alt=\"\" class=\"wp-image-145 size-full\" srcset=\"https:\/\/ciq-panier.fr\/wp-content\/uploads\/2026\/02\/1516985634839.jpg 450w, https:\/\/ciq-panier.fr\/wp-content\/uploads\/2026\/02\/1516985634839-300x300.jpg 300w, https:\/\/ciq-panier.fr\/wp-content\/uploads\/2026\/02\/1516985634839-150x150.jpg 150w\" sizes=\"auto, (max-width: 450px) 100vw, 450px\" \/><\/figure><\/div>\n","protected":false},"excerpt":{"rendered":"<p>Caroline ARGOUS Pr\u00e9sidente de l&rsquo;association Olivier DEBASC Vice-Pr\u00e9sident Baptiste BIEGANSKI Secr\u00e9taire R\u00e9mi BORREDON Tr\u00e9sorier<\/p>\n","protected":false},"author":2,"featured_media":0,"parent":0,"menu_order":0,"comment_status":"closed","ping_status":"closed","template":"","meta":{"footnotes":""},"class_list":["post-49","page","type-page","status-publish","hentry"],"_links":{"self":[{"href":"https:\/\/ciq-panier.fr\/index.php\/wp-json\/wp\/v2\/pages\/49","targetHints":{"allow":["GET"]}}],"collection":[{"href":"https:\/\/ciq-panier.fr\/index.php\/wp-json\/wp\/v2\/pages"}],"about":[{"href":"https:\/\/ciq-panier.fr\/index.php\/wp-json\/wp\/v2\/types\/page"}],"author":[{"embeddable":true,"href":"https:\/\/ciq-panier.fr\/index.php\/wp-json\/wp\/v2\/users\/2"}],"replies":[{"embeddable":true,"href":"https:\/\/ciq-panier.fr\/index.php\/wp-json\/wp\/v2\/comments?post=49"}],"version-history":[{"count":5,"href":"https:\/\/ciq-panier.fr\/index.php\/wp-json\/wp\/v2\/pages\/49\/revisions"}],"predecessor-version":[{"id":147,"href":"https:\/\/ciq-panier.fr\/index.php\/wp-json\/wp\/v2\/pages\/49\/revisions\/147"}],"wp:attachment":[{"href":"https:\/\/ciq-panier.fr\/index.php\/wp-json\/wp\/v2\/media?parent=49"}],"curies":[{"name":"wp","href":"https:\/\/api.w.org\/{rel}","templated":true}]}}