{"id":74,"date":"2026-02-08T17:05:48","date_gmt":"2026-02-08T16:05:48","guid":{"rendered":"https:\/\/ciq-panier.fr\/?page_id=74"},"modified":"2026-02-14T08:22:08","modified_gmt":"2026-02-14T07:22:08","slug":"faq","status":"publish","type":"page","link":"https:\/\/ciq-panier.fr\/index.php\/faq\/","title":{"rendered":"FAQ"},"content":{"rendered":"\n<h2 class=\"wp-block-heading\">O\u00f9 se situent les bureaux ?<\/h2>\n\n\n\n<p>Le CIQ Panier ne dispose pas encore de bureaux. En revanche, une permanence est annonc\u00e9e tous les premiers mercredi du mois aux adh\u00e9rents.<\/p>\n\n\n\n<h2 class=\"wp-block-heading\">Quelles conditions pour adh\u00e9rer ?<\/h2>\n\n\n\n<p>Pour faire partie du CIQ Panier, il faut r\u00e9sider dans le quartier, c\u2019est-\u00e0-dire avoir son adresse postale, celle de son local associatif ou professionnel dans le secteur g\u00e9ographique qui se situe \u00e0 l&rsquo;int\u00e9rieur des limites des rues R\u00e9publique, Mery, Caisserie, l\u2019Ev\u00each\u00e9, Jean-Fran\u00e7ois Leca.<\/p>\n\n\n\n<div class=\"wp-block-comments\">\n\n\n\n\n\n\t<div id=\"respond\" class=\"comment-respond wp-block-post-comments-form\">\n\t\t<h3 id=\"reply-title\" class=\"comment-reply-title\">Laisser un commentaire <small><a rel=\"nofollow\" id=\"cancel-comment-reply-link\" href=\"\/index.php\/wp-json\/wp\/v2\/pages\/74#respond\" style=\"display:none;\">Annuler la r\u00e9ponse<\/a><\/small><\/h3><form action=\"https:\/\/ciq-panier.fr\/wp-comments-post.php\" method=\"post\" id=\"commentform\" class=\"comment-form\"><p class=\"comment-notes\"><span id=\"email-notes\">Votre adresse e-mail ne sera pas publi\u00e9e.<\/span> <span class=\"required-field-message\">Les champs obligatoires sont indiqu\u00e9s avec <span class=\"required\">*<\/span><\/span><\/p><p class=\"comment-form-comment\"><label for=\"comment\">Commentaire <span class=\"required\">*<\/span><\/label> <textarea id=\"comment\" name=\"comment\" cols=\"45\" rows=\"8\" maxlength=\"65525\" required><\/textarea><\/p><p class=\"comment-form-author\"><label for=\"author\">Nom <span class=\"required\">*<\/span><\/label> <input id=\"author\" name=\"author\" type=\"text\" value=\"\" size=\"30\" maxlength=\"245\" autocomplete=\"name\" required \/><\/p>\n<p class=\"comment-form-email\"><label for=\"email\">E-mail <span class=\"required\">*<\/span><\/label> <input id=\"email\" name=\"email\" type=\"email\" value=\"\" size=\"30\" maxlength=\"100\" aria-describedby=\"email-notes\" autocomplete=\"email\" required \/><\/p>\n<p class=\"comment-form-url\"><label for=\"url\">Site web<\/label> <input id=\"url\" name=\"url\" type=\"url\" value=\"\" size=\"30\" maxlength=\"200\" autocomplete=\"url\" \/><\/p>\n<p class=\"comment-form-cookies-consent\"><input id=\"wp-comment-cookies-consent\" name=\"wp-comment-cookies-consent\" type=\"checkbox\" value=\"yes\" \/> <label for=\"wp-comment-cookies-consent\">Enregistrer mon nom, mon e-mail et mon site dans le navigateur pour mon prochain commentaire.<\/label><\/p>\n<p class=\"form-submit wp-block-button\"><input name=\"submit\" type=\"submit\" id=\"submit\" class=\"wp-block-button__link wp-element-button\" value=\"Laisser un commentaire\" \/> <input type='hidden' name='comment_post_ID' value='74' id='comment_post_ID' \/>\n<input type='hidden' name='comment_parent' id='comment_parent' value='0' \/>\n<\/p><\/form>\t<\/div><!-- #respond -->\n\t<\/div>\n","protected":false},"excerpt":{"rendered":"<p>O\u00f9 se situent les bureaux ? Le CIQ Panier ne dispose pas encore de bureaux. En revanche, une permanence est annonc\u00e9e tous les premiers mercredi du mois aux adh\u00e9rents. Quelles conditions pour adh\u00e9rer ? Pour faire partie du CIQ Panier, il faut r\u00e9sider dans le quartier, c\u2019est-\u00e0-dire avoir son adresse postale, celle de son local [&hellip;]<\/p>\n","protected":false},"author":2,"featured_media":0,"parent":0,"menu_order":0,"comment_status":"open","ping_status":"closed","template":"","meta":{"footnotes":""},"class_list":["post-74","page","type-page","status-publish","hentry"],"_links":{"self":[{"href":"https:\/\/ciq-panier.fr\/index.php\/wp-json\/wp\/v2\/pages\/74","targetHints":{"allow":["GET"]}}],"collection":[{"href":"https:\/\/ciq-panier.fr\/index.php\/wp-json\/wp\/v2\/pages"}],"about":[{"href":"https:\/\/ciq-panier.fr\/index.php\/wp-json\/wp\/v2\/types\/page"}],"author":[{"embeddable":true,"href":"https:\/\/ciq-panier.fr\/index.php\/wp-json\/wp\/v2\/users\/2"}],"replies":[{"embeddable":true,"href":"https:\/\/ciq-panier.fr\/index.php\/wp-json\/wp\/v2\/comments?post=74"}],"version-history":[{"count":1,"href":"https:\/\/ciq-panier.fr\/index.php\/wp-json\/wp\/v2\/pages\/74\/revisions"}],"predecessor-version":[{"id":114,"href":"https:\/\/ciq-panier.fr\/index.php\/wp-json\/wp\/v2\/pages\/74\/revisions\/114"}],"wp:attachment":[{"href":"https:\/\/ciq-panier.fr\/index.php\/wp-json\/wp\/v2\/media?parent=74"}],"curies":[{"name":"wp","href":"https:\/\/api.w.org\/{rel}","templated":true}]}}